{"id":1219,"date":"2024-01-07T15:53:03","date_gmt":"2024-01-07T15:53:03","guid":{"rendered":"https:\/\/manufaktur-orlowski.com\/?page_id=1219"},"modified":"2024-02-04T15:12:48","modified_gmt":"2024-02-04T15:12:48","slug":"impressum","status":"publish","type":"page","link":"https:\/\/manufaktur-orlowski.com\/?page_id=1219","title":{"rendered":"IMPRESSUM"},"content":{"rendered":"\t\t<div data-elementor-type=\"wp-page\" data-elementor-id=\"1219\" class=\"elementor elementor-1219\">\n\t\t\t\t<div class=\"elementor-element elementor-element-73014cd e-con-full e-flex e-con e-parent\" data-id=\"73014cd\" data-element_type=\"container\" data-settings=\"{&quot;background_background&quot;:&quot;classic&quot;}\">\n\t\t<div class=\"elementor-element elementor-element-6fbfad4 e-con-full e-flex e-con e-child\" data-id=\"6fbfad4\" data-element_type=\"container\">\n\t\t\t\t<div class=\"elementor-element elementor-element-3c52595 elementor-widget elementor-widget-text-editor\" data-id=\"3c52595\" data-element_type=\"widget\" data-widget_type=\"text-editor.default\">\n\t\t\t\t<div class=\"elementor-widget-container\">\n\t\t\t\t\t\t\t\t\t<p>Anbieter und inhaltlich verantwortlich gem\u00e4\u00df \u00a7 5 TMG und \u00a7 55 Abs. 2 RStV:<\/p>\n<p>Mag. Thomas Orlowski Manufaktur Orlowski Inhaber: Magister Thomas Orlowski Oberhauser Str. 13 a D-13583 Berlin (Spandau)<\/p>\n<p>Telefon: +49 30 \/ 65 94 10 36 Fax: +49 30 \/ 65 94 18 87<\/p>\n<p>info@manufaktur-orlowski.com<\/p>\n<p>www.manufaktur-orlowski.com<\/p>\n<p>Umsatzsteuer-Identifikationsnummer: DE 249597413<\/p>\n<p>Haftungshinweis: Wir \u00fcbernehmen keine Haftung f\u00fcr die Inhalte externer Links. F\u00fcr den Inhalt der verlinkten Seiten sind ausschlie\u00dflich deren Betreiber verantwortlich.<\/p>\t\t\t\t\t\t\t\t<\/div>\n\t\t\t\t<\/div>\n\t\t\t\t<\/div>\n\t\t\t\t<\/div>\n\t\t\t\t<\/div>\n\t\t","protected":false},"excerpt":{"rendered":"<p>Anbieter und inhaltlich verantwortlich gem\u00e4\u00df \u00a7 5 TMG und \u00a7 55 Abs. 2 RStV: Mag. Thomas Orlowski Manufaktur Orlowski Inhaber: Magister Thomas Orlowski Oberhauser Str. 13 a D-13583 Berlin (Spandau) Telefon: +49 30 \/ 65 94 10 36 Fax: +49 30 \/ 65 94 18 87 info@manufaktur-orlowski.com www.manufaktur-orlowski.com Umsatzsteuer-Identifikationsnummer: DE 249597413 Haftungshinweis: Wir \u00fcbernehmen keine [&hellip;]<\/p>\n","protected":false},"author":3,"featured_media":0,"parent":0,"menu_order":0,"comment_status":"closed","ping_status":"closed","template":"","meta":{"footnotes":""},"lang":"de","translations":{"de":1219},"jetpack_sharing_enabled":true,"pll_sync_post":[],"_links":{"self":[{"href":"https:\/\/manufaktur-orlowski.com\/index.php?rest_route=\/wp\/v2\/pages\/1219"}],"collection":[{"href":"https:\/\/manufaktur-orlowski.com\/index.php?rest_route=\/wp\/v2\/pages"}],"about":[{"href":"https:\/\/manufaktur-orlowski.com\/index.php?rest_route=\/wp\/v2\/types\/page"}],"author":[{"embeddable":true,"href":"https:\/\/manufaktur-orlowski.com\/index.php?rest_route=\/wp\/v2\/users\/3"}],"replies":[{"embeddable":true,"href":"https:\/\/manufaktur-orlowski.com\/index.php?rest_route=%2Fwp%2Fv2%2Fcomments&post=1219"}],"version-history":[{"count":16,"href":"https:\/\/manufaktur-orlowski.com\/index.php?rest_route=\/wp\/v2\/pages\/1219\/revisions"}],"predecessor-version":[{"id":1856,"href":"https:\/\/manufaktur-orlowski.com\/index.php?rest_route=\/wp\/v2\/pages\/1219\/revisions\/1856"}],"wp:attachment":[{"href":"https:\/\/manufaktur-orlowski.com\/index.php?rest_route=%2Fwp%2Fv2%2Fmedia&parent=1219"}],"curies":[{"name":"wp","href":"https:\/\/api.w.org\/{rel}","templated":true}]}}