{"id":400,"date":"2023-11-20T19:09:57","date_gmt":"2023-11-20T19:09:57","guid":{"rendered":"https:\/\/manufaktur-orlowski.com\/?page_id=400"},"modified":"2024-08-14T17:24:56","modified_gmt":"2024-08-14T17:24:56","slug":"elementor-400","status":"publish","type":"page","link":"https:\/\/manufaktur-orlowski.com\/?page_id=400","title":{"rendered":"INSTRUMENTE"},"content":{"rendered":"\t\t<div data-elementor-type=\"wp-page\" data-elementor-id=\"400\" class=\"elementor elementor-400\">\n\t\t\t\t<div class=\"elementor-element elementor-element-9fc854d e-con-full e-flex e-con e-parent\" data-id=\"9fc854d\" data-element_type=\"container\">\n\t\t<div class=\"elementor-element elementor-element-380892a e-con-full e-flex e-con e-child\" data-id=\"380892a\" data-element_type=\"container\">\n\t\t\t\t<div class=\"elementor-element elementor-element-b000d4a elementor-widget elementor-widget-heading\" data-id=\"b000d4a\" data-element_type=\"widget\" data-widget_type=\"heading.default\">\n\t\t\t\t<div class=\"elementor-widget-container\">\n\t\t\t\t\t<h2 class=\"elementor-heading-title elementor-size-default\">Ausgew\u00e4hlte Instrumente\n\n<\/h2>\t\t\t\t<\/div>\n\t\t\t\t<\/div>\n\t\t\t\t<\/div>\n\t\t\t\t<div class=\"elementor-element elementor-element-6b13bbd elementor-absolute e-transform elementor-widget elementor-widget-image\" data-id=\"6b13bbd\" data-element_type=\"widget\" data-settings=\"{&quot;_position&quot;:&quot;absolute&quot;,&quot;_transform_translateX_effect&quot;:{&quot;unit&quot;:&quot;px&quot;,&quot;size&quot;:207,&quot;sizes&quot;:[]},&quot;_transform_translateX_effect_tablet&quot;:{&quot;unit&quot;:&quot;px&quot;,&quot;size&quot;:&quot;&quot;,&quot;sizes&quot;:[]},&quot;_transform_translateX_effect_mobile&quot;:{&quot;unit&quot;:&quot;px&quot;,&quot;size&quot;:&quot;&quot;,&quot;sizes&quot;:[]},&quot;_transform_translateY_effect&quot;:{&quot;unit&quot;:&quot;px&quot;,&quot;size&quot;:&quot;&quot;,&quot;sizes&quot;:[]},&quot;_transform_translateY_effect_tablet&quot;:{&quot;unit&quot;:&quot;px&quot;,&quot;size&quot;:&quot;&quot;,&quot;sizes&quot;:[]},&quot;_transform_translateY_effect_mobile&quot;:{&quot;unit&quot;:&quot;px&quot;,&quot;size&quot;:&quot;&quot;,&quot;sizes&quot;:[]}}\" data-widget_type=\"image.default\">\n\t\t\t\t<div class=\"elementor-widget-container\">\n\t\t\t\t\t\t\t\t\t\t\t\t\t\t\t<img fetchpriority=\"high\" decoding=\"async\" width=\"585\" height=\"1536\" src=\"https:\/\/manufaktur-orlowski.com\/wp-content\/uploads\/2023\/11\/z-c-o-585x1536.png\" class=\"attachment-1536x1536 size-1536x1536 wp-image-611\" alt=\"\" srcset=\"https:\/\/manufaktur-orlowski.com\/wp-content\/uploads\/2023\/11\/z-c-o-585x1536.png 585w, https:\/\/manufaktur-orlowski.com\/wp-content\/uploads\/2023\/11\/z-c-o-114x300.png 114w, https:\/\/manufaktur-orlowski.com\/wp-content\/uploads\/2023\/11\/z-c-o-390x1024.png 390w, https:\/\/manufaktur-orlowski.com\/wp-content\/uploads\/2023\/11\/z-c-o-768x2016.png 768w, https:\/\/manufaktur-orlowski.com\/wp-content\/uploads\/2023\/11\/z-c-o-780x2048.png 780w, https:\/\/manufaktur-orlowski.com\/wp-content\/uploads\/2023\/11\/z-c-o.png 1279w\" sizes=\"(max-width: 585px) 100vw, 585px\" \/>\t\t\t\t\t\t\t\t\t\t\t\t\t\t\t<\/div>\n\t\t\t\t<\/div>\n\t\t<div class=\"elementor-element elementor-element-0095a3c e-con-full e-flex e-con e-child\" data-id=\"0095a3c\" data-element_type=\"container\">\n\t\t\t\t<\/div>\n\t\t\t\t<\/div>\n\t\t<div class=\"elementor-element elementor-element-f46b2c5 e-con-full e-flex e-con e-parent\" data-id=\"f46b2c5\" data-element_type=\"container\" data-settings=\"{&quot;background_background&quot;:&quot;classic&quot;}\">\n\t\t\t\t<div class=\"elementor-element elementor-element-ed2d690 elementor-widget elementor-widget-heading\" data-id=\"ed2d690\" data-element_type=\"widget\" data-widget_type=\"heading.default\">\n\t\t\t\t<div class=\"elementor-widget-container\">\n\t\t\t\t\t<h4 class=\"elementor-heading-title elementor-size-default\">Unsere Eigenmarke<\/h4>\t\t\t\t<\/div>\n\t\t\t\t<\/div>\n\t\t\t\t<div class=\"elementor-element elementor-element-00d68c3 elementor-widget elementor-widget-heading\" data-id=\"00d68c3\" data-element_type=\"widget\" data-widget_type=\"heading.default\">\n\t\t\t\t<div class=\"elementor-widget-container\">\n\t\t\t\t\t<h2 class=\"elementor-heading-title elementor-size-default\">Oboe Isabella<\/h2>\t\t\t\t<\/div>\n\t\t\t\t<\/div>\n\t\t\t\t<div class=\"elementor-element elementor-element-5fbe433 elementor-widget__width-initial elementor-widget-mobile__width-inherit elementor-widget elementor-widget-text-editor\" data-id=\"5fbe433\" data-element_type=\"widget\" data-widget_type=\"text-editor.default\">\n\t\t\t\t<div class=\"elementor-widget-container\">\n\t\t\t\t\t\t\t\t\t<p>Eine handgemachte Oboe f\u00fcr den professionellen Bedarf mit einem grossem, lyrisch &#8211; dramatischen Klang mit der F\u00e4higkeit zur Koloratur.<\/p><p>Gebaut aus ausgesuchten, naturgetrocknetem Holz (mindestens 12 Jahre lang gelagert).<\/p><p>Mechanik handgeschmiedet. Neuentwickelt f\u00fcr optimale Ergonomie der H\u00e4nde.<\/p><p>Ausgeglichene perfekte Intonation, sehr homogener Klang, dadurch kein Registerwechsel mehr.<\/p><p>Eigene Entwicklung vom F &#8211; System<br \/>Linkes F<br \/>Drei Oktavklappen<br \/>H &#8211; Resonanzklappe am Becher<\/p>\t\t\t\t\t\t\t\t<\/div>\n\t\t\t\t<\/div>\n\t\t\t\t<div class=\"elementor-element elementor-element-89b113f elementor-widget__width-inherit elementor-widget elementor-widget-image\" data-id=\"89b113f\" data-element_type=\"widget\" data-widget_type=\"image.default\">\n\t\t\t\t<div class=\"elementor-widget-container\">\n\t\t\t\t\t\t\t\t\t\t\t\t\t\t\t<img decoding=\"async\" width=\"212\" height=\"119\" src=\"https:\/\/manufaktur-orlowski.com\/wp-content\/uploads\/2023\/11\/isabella_logo_small_5e73a67eb2.png\" class=\"attachment-full size-full wp-image-537\" alt=\"\" \/>\t\t\t\t\t\t\t\t\t\t\t\t\t\t\t<\/div>\n\t\t\t\t<\/div>\n\t\t\t\t<div class=\"elementor-element elementor-element-b046166 elementor-align-justify elementor-widget elementor-widget-button\" data-id=\"b046166\" data-element_type=\"widget\" data-widget_type=\"button.default\">\n\t\t\t\t<div class=\"elementor-widget-container\">\n\t\t\t\t\t\t\t\t\t<div class=\"elementor-button-wrapper\">\n\t\t\t\t\t<a class=\"elementor-button elementor-button-link elementor-size-lg\" href=\"https:\/\/manufaktur-orlowski.com\/wp-content\/uploads\/2024\/08\/Isabella-Oboe-pricelist-de-pdf-new.pdf\">\n\t\t\t\t\t\t<span class=\"elementor-button-content-wrapper\">\n\t\t\t\t\t\t\t\t\t<span class=\"elementor-button-text\">PREISLISTE ALS PDF HERUNTERLADEN<\/span>\n\t\t\t\t\t<\/span>\n\t\t\t\t\t<\/a>\n\t\t\t\t<\/div>\n\t\t\t\t\t\t\t\t<\/div>\n\t\t\t\t<\/div>\n\t\t\t\t<\/div>\n\t\t<div class=\"elementor-element elementor-element-f0e2183 e-con-full e-flex e-con e-parent\" data-id=\"f0e2183\" data-element_type=\"container\" data-settings=\"{&quot;background_background&quot;:&quot;classic&quot;}\">\n\t\t\t\t<div class=\"elementor-element elementor-element-aca2360 elementor-widget elementor-widget-heading\" data-id=\"aca2360\" data-element_type=\"widget\" data-widget_type=\"heading.default\">\n\t\t\t\t<div class=\"elementor-widget-container\">\n\t\t\t\t\t<h2 class=\"elementor-heading-title elementor-size-default\">Grosse Auswahl folgender Marken<\/h2>\t\t\t\t<\/div>\n\t\t\t\t<\/div>\n\t\t\t\t<div class=\"elementor-element elementor-element-f10bb31 elementor-widget elementor-widget-text-editor\" data-id=\"f10bb31\" data-element_type=\"widget\" data-widget_type=\"text-editor.default\">\n\t\t\t\t<div class=\"elementor-widget-container\">\n\t\t\t\t\t\t\t\t\t<p>Wir f\u00fchren auch ausgesuchte, neue Instrumente der Firmen Lor\u00e9e, Bulgheroni Como, Atelier Bulgheroni und Wolf. Hier gibt es Instrumente f\u00fcr den Profi -, Studenten &#8211; oder Kindergebrauch.<\/p><p>Auf Anfrage machen wir Ihnen gerne ein unverbindliches Angebot an. Auch gepflegte und gepr\u00fcfte Gebrauchtinstrumente bieten wir an. Hier sind alle bekannten Marken vorhanden.<\/p><p>Da hier das Instrumentenangebot h\u00e4ufig der Ver\u00e4nderung unterliegt, bitten wir um eine kurze Info, was gesucht wird, um das Angebot an Ihre Bed\u00fcrfnisse besser anpassen zu k\u00f6nnen.<\/p>\t\t\t\t\t\t\t\t<\/div>\n\t\t\t\t<\/div>\n\t\t\t\t<div class=\"elementor-element elementor-element-f8d0220 elementor-align-justify elementor-widget__width-auto elementor-widget elementor-widget-button\" data-id=\"f8d0220\" data-element_type=\"widget\" data-widget_type=\"button.default\">\n\t\t\t\t<div class=\"elementor-widget-container\">\n\t\t\t\t\t\t\t\t\t<div class=\"elementor-button-wrapper\">\n\t\t\t\t\t<a class=\"elementor-button elementor-button-link elementor-size-lg\" href=\"https:\/\/manufaktur-orlowski.com\/wp-content\/uploads\/2024\/08\/Oboen-anderer-Hersteller-de-pdf-new.pdf\">\n\t\t\t\t\t\t<span class=\"elementor-button-content-wrapper\">\n\t\t\t\t\t\t\t\t\t<span class=\"elementor-button-text\">PREISLISTE ALS PDF HERUNTERLADEN<\/span>\n\t\t\t\t\t<\/span>\n\t\t\t\t\t<\/a>\n\t\t\t\t<\/div>\n\t\t\t\t\t\t\t\t<\/div>\n\t\t\t\t<\/div>\n\t\t<div class=\"elementor-element elementor-element-7808abb e-con-full e-flex e-con e-child\" data-id=\"7808abb\" data-element_type=\"container\">\n\t\t\t\t<div class=\"elementor-element elementor-element-2ab6e97 elementor-widget elementor-widget-image\" data-id=\"2ab6e97\" data-element_type=\"widget\" data-widget_type=\"image.default\">\n\t\t\t\t<div class=\"elementor-widget-container\">\n\t\t\t\t\t\t\t\t\t\t\t\t\t\t\t<img decoding=\"async\" width=\"221\" height=\"114\" src=\"https:\/\/manufaktur-orlowski.com\/wp-content\/uploads\/2023\/11\/d-1.webp\" class=\"attachment-large size-large wp-image-410\" alt=\"\" \/>\t\t\t\t\t\t\t\t\t\t\t\t\t\t\t<\/div>\n\t\t\t\t<\/div>\n\t\t\t\t<div class=\"elementor-element elementor-element-8ea41a3 elementor-widget elementor-widget-image\" data-id=\"8ea41a3\" data-element_type=\"widget\" data-widget_type=\"image.default\">\n\t\t\t\t<div class=\"elementor-widget-container\">\n\t\t\t\t\t\t\t\t\t\t\t\t\t\t\t<img loading=\"lazy\" decoding=\"async\" width=\"248\" height=\"147\" src=\"https:\/\/manufaktur-orlowski.com\/wp-content\/uploads\/2023\/11\/d-2.webp\" class=\"attachment-large size-large wp-image-411\" alt=\"\" \/>\t\t\t\t\t\t\t\t\t\t\t\t\t\t\t<\/div>\n\t\t\t\t<\/div>\n\t\t\t\t<div class=\"elementor-element elementor-element-2776255 elementor-widget elementor-widget-image\" data-id=\"2776255\" data-element_type=\"widget\" data-widget_type=\"image.default\">\n\t\t\t\t<div class=\"elementor-widget-container\">\n\t\t\t\t\t\t\t\t\t\t\t\t\t\t\t<img loading=\"lazy\" decoding=\"async\" width=\"365\" height=\"126\" src=\"https:\/\/manufaktur-orlowski.com\/wp-content\/uploads\/2023\/11\/d-3.webp\" class=\"attachment-large size-large wp-image-412\" alt=\"\" srcset=\"https:\/\/manufaktur-orlowski.com\/wp-content\/uploads\/2023\/11\/d-3.webp 365w, https:\/\/manufaktur-orlowski.com\/wp-content\/uploads\/2023\/11\/d-3-300x104.webp 300w\" sizes=\"(max-width: 365px) 100vw, 365px\" \/>\t\t\t\t\t\t\t\t\t\t\t\t\t\t\t<\/div>\n\t\t\t\t<\/div>\n\t\t\t\t<div class=\"elementor-element elementor-element-eff2b49 elementor-widget elementor-widget-image\" data-id=\"eff2b49\" data-element_type=\"widget\" data-widget_type=\"image.default\">\n\t\t\t\t<div class=\"elementor-widget-container\">\n\t\t\t\t\t\t\t\t\t\t\t\t\t\t\t<img loading=\"lazy\" decoding=\"async\" width=\"311\" height=\"126\" src=\"https:\/\/manufaktur-orlowski.com\/wp-content\/uploads\/2023\/11\/d-4.webp\" class=\"attachment-large size-large wp-image-413\" alt=\"\" srcset=\"https:\/\/manufaktur-orlowski.com\/wp-content\/uploads\/2023\/11\/d-4.webp 311w, https:\/\/manufaktur-orlowski.com\/wp-content\/uploads\/2023\/11\/d-4-300x122.webp 300w\" sizes=\"(max-width: 311px) 100vw, 311px\" \/>\t\t\t\t\t\t\t\t\t\t\t\t\t\t\t<\/div>\n\t\t\t\t<\/div>\n\t\t\t\t<\/div>\n\t\t\t\t<\/div>\n\t\t<div class=\"elementor-element elementor-element-a55e88e e-con-full e-flex e-con e-parent\" data-id=\"a55e88e\" data-element_type=\"container\">\n\t\t\t\t<div class=\"elementor-element elementor-element-3d9c3ee elementor-widget elementor-widget-heading\" data-id=\"3d9c3ee\" data-element_type=\"widget\" data-widget_type=\"heading.default\">\n\t\t\t\t<div class=\"elementor-widget-container\">\n\t\t\t\t\t<h2 class=\"elementor-heading-title elementor-size-default\">Gepflegte Gebrauchtinstrumente<\/h2>\t\t\t\t<\/div>\n\t\t\t\t<\/div>\n\t\t\t\t<div class=\"elementor-element elementor-element-1c39ae2 elementor-widget elementor-widget-heading\" data-id=\"1c39ae2\" data-element_type=\"widget\" data-widget_type=\"heading.default\">\n\t\t\t\t<div class=\"elementor-widget-container\">\n\t\t\t\t\t<h2 class=\"elementor-heading-title elementor-size-default\">Alle gebrauchten Instrumente mit 6 Monaten Garantie.<\/h2>\t\t\t\t<\/div>\n\t\t\t\t<\/div>\n\t\t\t\t<div class=\"elementor-element elementor-element-f5ca3d9 elementor-align-justify elementor-widget__width-auto elementor-widget elementor-widget-button\" data-id=\"f5ca3d9\" data-element_type=\"widget\" data-widget_type=\"button.default\">\n\t\t\t\t<div class=\"elementor-widget-container\">\n\t\t\t\t\t\t\t\t\t<div class=\"elementor-button-wrapper\">\n\t\t\t\t\t<a class=\"elementor-button elementor-button-link elementor-size-md\" href=\"https:\/\/manufaktur-orlowski.com\/wp-content\/uploads\/2024\/06\/Gepflegte-Gebrauchtinstrumente-de-pages.pdf\">\n\t\t\t\t\t\t<span class=\"elementor-button-content-wrapper\">\n\t\t\t\t\t\t\t\t\t<span class=\"elementor-button-text\">PREISLISTE ALS PDF HERUNTERLADEN<\/span>\n\t\t\t\t\t<\/span>\n\t\t\t\t\t<\/a>\n\t\t\t\t<\/div>\n\t\t\t\t\t\t\t\t<\/div>\n\t\t\t\t<\/div>\n\t\t\t\t<\/div>\n\t\t\t\t<\/div>\n\t\t","protected":false},"excerpt":{"rendered":"<p>Ausgew\u00e4hlte Instrumente Unsere Eigenmarke Oboe Isabella Eine handgemachte Oboe f\u00fcr den professionellen Bedarf mit einem grossem, lyrisch &#8211; dramatischen Klang mit der F\u00e4higkeit zur Koloratur. Gebaut aus ausgesuchten, naturgetrocknetem Holz (mindestens 12 Jahre lang gelagert). Mechanik handgeschmiedet. Neuentwickelt f\u00fcr optimale Ergonomie der H\u00e4nde. Ausgeglichene perfekte Intonation, sehr homogener Klang, dadurch kein Registerwechsel mehr. Eigene Entwicklung [&hellip;]<\/p>\n","protected":false},"author":3,"featured_media":0,"parent":0,"menu_order":0,"comment_status":"closed","ping_status":"closed","template":"","meta":{"footnotes":""},"lang":"de","translations":{"de":400,"en":1135},"jetpack_sharing_enabled":true,"pll_sync_post":[],"_links":{"self":[{"href":"https:\/\/manufaktur-orlowski.com\/index.php?rest_route=\/wp\/v2\/pages\/400"}],"collection":[{"href":"https:\/\/manufaktur-orlowski.com\/index.php?rest_route=\/wp\/v2\/pages"}],"about":[{"href":"https:\/\/manufaktur-orlowski.com\/index.php?rest_route=\/wp\/v2\/types\/page"}],"author":[{"embeddable":true,"href":"https:\/\/manufaktur-orlowski.com\/index.php?rest_route=\/wp\/v2\/users\/3"}],"replies":[{"embeddable":true,"href":"https:\/\/manufaktur-orlowski.com\/index.php?rest_route=%2Fwp%2Fv2%2Fcomments&post=400"}],"version-history":[{"count":134,"href":"https:\/\/manufaktur-orlowski.com\/index.php?rest_route=\/wp\/v2\/pages\/400\/revisions"}],"predecessor-version":[{"id":2124,"href":"https:\/\/manufaktur-orlowski.com\/index.php?rest_route=\/wp\/v2\/pages\/400\/revisions\/2124"}],"wp:attachment":[{"href":"https:\/\/manufaktur-orlowski.com\/index.php?rest_route=%2Fwp%2Fv2%2Fmedia&parent=400"}],"curies":[{"name":"wp","href":"https:\/\/api.w.org\/{rel}","templated":true}]}}