{"id":423,"date":"2023-11-21T20:51:48","date_gmt":"2023-11-21T20:51:48","guid":{"rendered":"https:\/\/manufaktur-orlowski.com\/?page_id=423"},"modified":"2024-02-04T15:13:03","modified_gmt":"2024-02-04T15:13:03","slug":"elementor-423","status":"publish","type":"page","link":"https:\/\/manufaktur-orlowski.com\/?page_id=423","title":{"rendered":"KONTAKT"},"content":{"rendered":"\t\t<div data-elementor-type=\"wp-page\" data-elementor-id=\"423\" class=\"elementor elementor-423\">\n\t\t\t\t<div class=\"elementor-element elementor-element-b23daa3 e-con-full e-flex e-con e-parent\" data-id=\"b23daa3\" data-element_type=\"container\" data-settings=\"{&quot;background_background&quot;:&quot;classic&quot;}\">\n\t\t\t\t<div class=\"elementor-element elementor-element-f420719 elementor-widget elementor-widget-heading\" data-id=\"f420719\" data-element_type=\"widget\" data-widget_type=\"heading.default\">\n\t\t\t\t<div class=\"elementor-widget-container\">\n\t\t\t\t\t<h2 class=\"elementor-heading-title elementor-size-default\">Egal was es ist.<\/h2>\t\t\t\t<\/div>\n\t\t\t\t<\/div>\n\t\t\t\t<div class=\"elementor-element elementor-element-3f83aae elementor-widget__width-initial elementor-widget-mobile__width-inherit elementor-widget elementor-widget-heading\" data-id=\"3f83aae\" data-element_type=\"widget\" data-widget_type=\"heading.default\">\n\t\t\t\t<div class=\"elementor-widget-container\">\n\t\t\t\t\t<h2 class=\"elementor-heading-title elementor-size-default\">Wir helfen gerne weiter.<\/h2>\t\t\t\t<\/div>\n\t\t\t\t<\/div>\n\t\t\t\t<\/div>\n\t\t<div class=\"elementor-element elementor-element-7cff84e e-con-full e-flex e-con e-parent\" data-id=\"7cff84e\" data-element_type=\"container\">\n\t\t<div class=\"elementor-element elementor-element-2f1525f e-con-full e-flex e-con e-child\" data-id=\"2f1525f\" data-element_type=\"container\">\n\t\t\t\t<div class=\"elementor-element elementor-element-3eb746d elementor-widget elementor-widget-text-editor\" data-id=\"3eb746d\" data-element_type=\"widget\" data-widget_type=\"text-editor.default\">\n\t\t\t\t<div class=\"elementor-widget-container\">\n\t\t\t\t\t\t\t\t\t<p>Wir freuen uns \u00fcber <br \/>Ihre Anfrage<\/p>\t\t\t\t\t\t\t\t<\/div>\n\t\t\t\t<\/div>\n\t\t\t\t<\/div>\n\t\t\t\t<\/div>\n\t\t<div class=\"elementor-element elementor-element-abe41de e-con-full e-flex e-con e-parent\" data-id=\"abe41de\" data-element_type=\"container\">\n\t\t<div class=\"elementor-element elementor-element-3209d7a e-con-full e-flex e-con e-child\" data-id=\"3209d7a\" data-element_type=\"container\" data-settings=\"{&quot;background_background&quot;:&quot;classic&quot;}\">\n\t\t\t\t<div class=\"elementor-element elementor-element-7cc8848 elementor-widget__width-initial elementor-widget elementor-widget-text-editor\" data-id=\"7cc8848\" data-element_type=\"widget\" data-widget_type=\"text-editor.default\">\n\t\t\t\t<div class=\"elementor-widget-container\">\n\t\t\t\t\t\t\t\t\t<p class=\"text-[20px] py-2\"><strong>Manufaktur Orlowski<\/strong><\/p><p class=\"text-[20px] py-2\">Oberhauser Stra\u00dfe 13a,<br \/>13583 Berlin<br \/>Deutschland<\/p><p class=\"text-[20px] py-2\">Tel.: +493065941036<br \/>Fax: +493065941887<\/p><p class=\"text-[20px] py-2\">Mail: oboe@isabella-berlin.com<\/p>\t\t\t\t\t\t\t\t<\/div>\n\t\t\t\t<\/div>\n\t\t\t\t<div class=\"elementor-element elementor-element-281effa elementor-widget elementor-widget-google_maps\" data-id=\"281effa\" data-element_type=\"widget\" data-widget_type=\"google_maps.default\">\n\t\t\t\t<div class=\"elementor-widget-container\">\n\t\t\t\t\t\t\t<div class=\"elementor-custom-embed\">\n\t\t\t<iframe loading=\"lazy\"\n\t\t\t\t\tsrc=\"https:\/\/maps.google.com\/maps?q=Oberhauser%20Stra%C3%9Fe%2013a%2C%2013583%20Berlin%20Deutschland&#038;t=m&#038;z=11&#038;output=embed&#038;iwloc=near\"\n\t\t\t\t\ttitle=\"Oberhauser Stra\u00dfe 13a, 13583 Berlin Deutschland\"\n\t\t\t\t\taria-label=\"Oberhauser Stra\u00dfe 13a, 13583 Berlin Deutschland\"\n\t\t\t><\/iframe>\n\t\t<\/div>\n\t\t\t\t\t\t<\/div>\n\t\t\t\t<\/div>\n\t\t\t\t<\/div>\n\t\t<div class=\"elementor-element elementor-element-de7442a e-con-full e-flex e-con e-child\" data-id=\"de7442a\" data-element_type=\"container\">\n\t\t\t\t<div class=\"elementor-element elementor-element-01196d7 elementor-widget elementor-widget-wpforms\" data-id=\"01196d7\" data-element_type=\"widget\" data-widget_type=\"wpforms.default\">\n\t\t\t\t<div class=\"elementor-widget-container\">\n\t\t\t\t\t<style id=\"wpforms-css-vars-elementor-widget-01196d7\">\n\t\t\t\t.elementor-widget-wpforms.elementor-element-01196d7 {\n\t\t\t\t--wpforms-field-background-color: #444444;\n--wpforms-field-border-color: #B59F70;\n--wpforms-field-border-color-spare: #B59F70;\n--wpforms-field-text-color: #FFFFFF;\n--wpforms-label-color: #FFFFFFD9;\n--wpforms-label-sublabel-color: #FFFFFF8C;\n--wpforms-button-background-color: #B59F70;\n--wpforms-field-size-input-height: 31px;\n--wpforms-field-size-input-spacing: 10px;\n--wpforms-field-size-font-size: 14px;\n--wpforms-field-size-line-height: 17px;\n--wpforms-field-size-padding-h: 9px;\n--wpforms-field-size-checkbox-size: 14px;\n--wpforms-field-size-sublabel-spacing: 5px;\n--wpforms-field-size-icon-size: 0.75;\n\t\t\t}\n\t\t\t<\/style><div class=\"wpforms-container wpforms-container-full wpforms-render-modern\" id=\"wpforms-329\"><form id=\"wpforms-form-329\" class=\"wpforms-validate wpforms-form wpforms-ajax-form\" data-formid=\"329\" method=\"post\" enctype=\"multipart\/form-data\" action=\"\/index.php?rest_route=%2Fwp%2Fv2%2Fpages%2F423\" data-token=\"2c942a8b2ab983a986296e7faba6c19c\" data-token-time=\"1777473825\"><noscript class=\"wpforms-error-noscript\">Bitte aktiviere JavaScript in deinem Browser, um dieses Formular fertigzustellen.<\/noscript><div id=\"wpforms-error-noscript\" style=\"display: none;\">Bitte aktiviere JavaScript in deinem Browser, um dieses Formular fertigzustellen.<\/div><div class=\"wpforms-field-container\"><div id=\"wpforms-329-field_0-container\" class=\"wpforms-field wpforms-field-name\" data-field-id=\"0\"><fieldset><legend class=\"wpforms-field-label\">Name <span class=\"wpforms-required-label\" aria-hidden=\"true\">*<\/span><\/legend><div class=\"wpforms-field-row wpforms-field-medium\"><div class=\"wpforms-field-row-block wpforms-first wpforms-one-half\"><input type=\"text\" id=\"wpforms-329-field_0\" class=\"wpforms-field-name-first wpforms-field-required\" name=\"wpforms[fields][0][first]\" placeholder=\"Vorname\" aria-errormessage=\"wpforms-329-field_0-error\" required><label for=\"wpforms-329-field_0\" class=\"wpforms-field-sublabel after wpforms-sublabel-hide\">Vorname<\/label><\/div><div class=\"wpforms-field-row-block wpforms-one-half\"><input type=\"text\" id=\"wpforms-329-field_0-last\" class=\"wpforms-field-name-last wpforms-field-required\" name=\"wpforms[fields][0][last]\" placeholder=\"Nachname\" aria-errormessage=\"wpforms-329-field_0-last-error\" required><label for=\"wpforms-329-field_0-last\" class=\"wpforms-field-sublabel after wpforms-sublabel-hide\">Nachname<\/label><\/div><\/div><\/fieldset><\/div><div id=\"wpforms-329-field_1-container\" class=\"wpforms-field wpforms-field-email\" data-field-id=\"1\"><label class=\"wpforms-field-label\" for=\"wpforms-329-field_1\">Email <span class=\"wpforms-required-label\" aria-hidden=\"true\">*<\/span><\/label><input type=\"email\" id=\"wpforms-329-field_1\" class=\"wpforms-field-medium wpforms-field-required\" name=\"wpforms[fields][1]\" spellcheck=\"false\" aria-errormessage=\"wpforms-329-field_1-error\" required><\/div><div id=\"wpforms-329-field_3-container\" class=\"wpforms-field wpforms-field-checkbox\" data-field-id=\"3\"><fieldset><legend class=\"wpforms-field-label\"> <span class=\"wpforms-required-label\" aria-hidden=\"true\">*<\/span><\/legend><ul id=\"wpforms-329-field_3\" class=\"wpforms-field-required\"><li class=\"choice-1 depth-1\"><input type=\"checkbox\" id=\"wpforms-329-field_3_1\" name=\"wpforms[fields][3][]\" value=\"Sie erkl\u00e4ren sich mit dem Absenden des Kontaktformulares damit einverstanden, dass Ihre eingegebenen Daten zur Bearbeitung Ihres Anliegens verwendet werden. (Widerrufshinweise und weitere Informationen finden Sie in der Datenschutzerkl\u00e4rung.)\" aria-errormessage=\"wpforms-329-field_3_1-error\" required ><label class=\"wpforms-field-label-inline\" for=\"wpforms-329-field_3_1\">Sie erkl\u00e4ren sich mit dem Absenden des Kontaktformulares damit einverstanden, dass Ihre eingegebenen Daten zur Bearbeitung Ihres Anliegens verwendet werden. (Widerrufshinweise und weitere Informationen finden Sie in der Datenschutzerkl\u00e4rung.)<\/label><\/li><\/ul><\/fieldset><\/div><div id=\"wpforms-329-field_2-container\" class=\"wpforms-field wpforms-field-textarea\" data-field-id=\"2\"><label class=\"wpforms-field-label\" for=\"wpforms-329-field_2\">Nachricht<\/label><textarea id=\"wpforms-329-field_2\" class=\"wpforms-field-medium\" name=\"wpforms[fields][2]\" aria-errormessage=\"wpforms-329-field_2-error\" ><\/textarea><\/div><\/div><!-- .wpforms-field-container --><div class=\"wpforms-recaptcha-container wpforms-is-recaptcha wpforms-is-recaptcha-type-v2\" ><div class=\"g-recaptcha\" data-sitekey=\"6Lc9vqApAAAAANf_iJtkPYHjwesfU1K-yUMl9w2b\"><\/div><input type=\"text\" name=\"g-recaptcha-hidden\" class=\"wpforms-recaptcha-hidden\" style=\"position:absolute!important;clip:rect(0,0,0,0)!important;height:1px!important;width:1px!important;border:0!important;overflow:hidden!important;padding:0!important;margin:0!important;\" data-rule-recaptcha=\"1\"><\/div><div class=\"wpforms-submit-container\" ><input type=\"hidden\" name=\"wpforms[id]\" value=\"329\"><input type=\"hidden\" name=\"page_title\" value=\"\"><input type=\"hidden\" name=\"page_url\" value=\"https:\/\/manufaktur-orlowski.com\/index.php?rest_route=\/wp\/v2\/pages\/423\"><input type=\"hidden\" name=\"url_referer\" value=\"\"><button type=\"submit\" name=\"wpforms[submit]\" id=\"wpforms-submit-329\" class=\"wpforms-submit\" data-alt-text=\"Sending...\" data-submit-text=\"ABSENDEN\" aria-live=\"assertive\" value=\"wpforms-submit\">ABSENDEN<\/button><img decoding=\"async\" src=\"https:\/\/manufaktur-orlowski.com\/wp-content\/plugins\/wpforms-lite\/assets\/images\/submit-spin.svg\" class=\"wpforms-submit-spinner\" style=\"display: none;\" width=\"26\" height=\"26\" alt=\"Wird geladen\"><\/div><\/form><\/div>  <!-- .wpforms-container -->\t\t\t\t<\/div>\n\t\t\t\t<\/div>\n\t\t\t\t<\/div>\n\t\t\t\t<\/div>\n\t\t\t\t<\/div>\n\t\t","protected":false},"excerpt":{"rendered":"<p>Egal was es ist. Wir helfen gerne weiter. Wir freuen uns \u00fcber Ihre Anfrage Manufaktur Orlowski Oberhauser Stra\u00dfe 13a,13583 BerlinDeutschland Tel.: +493065941036Fax: +493065941887 Mail: oboe@isabella-berlin.com Aby wype\u0142ni\u0107 ten formularz, w\u0142\u0105cz obs\u0142ug\u0119 JavaScript w przegl\u0105darce.Aby wype\u0142ni\u0107 ten formularz, w\u0142\u0105cz obs\u0142ug\u0119 JavaScript w przegl\u0105darce. Name * Imi\u0119Nazwisko Email * * Sie erkl\u00e4ren sich mit dem Absenden des [&hellip;]<\/p>\n","protected":false},"author":3,"featured_media":0,"parent":0,"menu_order":0,"comment_status":"closed","ping_status":"closed","template":"","meta":{"footnotes":""},"lang":"de","translations":{"de":423,"en":1140},"jetpack_sharing_enabled":true,"pll_sync_post":[],"_links":{"self":[{"href":"https:\/\/manufaktur-orlowski.com\/index.php?rest_route=\/wp\/v2\/pages\/423"}],"collection":[{"href":"https:\/\/manufaktur-orlowski.com\/index.php?rest_route=\/wp\/v2\/pages"}],"about":[{"href":"https:\/\/manufaktur-orlowski.com\/index.php?rest_route=\/wp\/v2\/types\/page"}],"author":[{"embeddable":true,"href":"https:\/\/manufaktur-orlowski.com\/index.php?rest_route=\/wp\/v2\/users\/3"}],"replies":[{"embeddable":true,"href":"https:\/\/manufaktur-orlowski.com\/index.php?rest_route=%2Fwp%2Fv2%2Fcomments&post=423"}],"version-history":[{"count":44,"href":"https:\/\/manufaktur-orlowski.com\/index.php?rest_route=\/wp\/v2\/pages\/423\/revisions"}],"predecessor-version":[{"id":1482,"href":"https:\/\/manufaktur-orlowski.com\/index.php?rest_route=\/wp\/v2\/pages\/423\/revisions\/1482"}],"wp:attachment":[{"href":"https:\/\/manufaktur-orlowski.com\/index.php?rest_route=%2Fwp%2Fv2%2Fmedia&parent=423"}],"curies":[{"name":"wp","href":"https:\/\/api.w.org\/{rel}","templated":true}]}}