{"id":435,"date":"2023-11-22T20:55:17","date_gmt":"2023-11-22T20:55:17","guid":{"rendered":"https:\/\/manufaktur-orlowski.com\/?page_id=435"},"modified":"2024-02-04T15:13:29","modified_gmt":"2024-02-04T15:13:29","slug":"elementor-435","status":"publish","type":"page","link":"https:\/\/manufaktur-orlowski.com\/?page_id=435","title":{"rendered":"SERVICE"},"content":{"rendered":"\t\t<div data-elementor-type=\"wp-page\" data-elementor-id=\"435\" class=\"elementor elementor-435\">\n\t\t\t\t<div class=\"elementor-element elementor-element-0a7f44e e-con-full e-flex e-con e-parent\" data-id=\"0a7f44e\" data-element_type=\"container\">\n\t\t<div class=\"elementor-element elementor-element-a69a4b6 e-con-full e-flex e-con e-child\" data-id=\"a69a4b6\" data-element_type=\"container\">\n\t\t\t\t<div class=\"elementor-element elementor-element-601254d elementor-widget elementor-widget-heading\" data-id=\"601254d\" data-element_type=\"widget\" data-widget_type=\"heading.default\">\n\t\t\t\t<div class=\"elementor-widget-container\">\n\t\t\t\t\t<h2 class=\"elementor-heading-title elementor-size-default\">Reparaturen, Restaurierungen &amp; General\u00fcberholungen<\/h2>\t\t\t\t<\/div>\n\t\t\t\t<\/div>\n\t\t\t\t<\/div>\n\t\t\t\t<div class=\"elementor-element elementor-element-118c570 elementor-absolute e-transform elementor-widget elementor-widget-image\" data-id=\"118c570\" data-element_type=\"widget\" data-settings=\"{&quot;_position&quot;:&quot;absolute&quot;,&quot;_transform_translateX_effect&quot;:{&quot;unit&quot;:&quot;px&quot;,&quot;size&quot;:207,&quot;sizes&quot;:[]},&quot;_transform_translateX_effect_tablet&quot;:{&quot;unit&quot;:&quot;px&quot;,&quot;size&quot;:&quot;&quot;,&quot;sizes&quot;:[]},&quot;_transform_translateX_effect_mobile&quot;:{&quot;unit&quot;:&quot;px&quot;,&quot;size&quot;:&quot;&quot;,&quot;sizes&quot;:[]},&quot;_transform_translateY_effect&quot;:{&quot;unit&quot;:&quot;px&quot;,&quot;size&quot;:&quot;&quot;,&quot;sizes&quot;:[]},&quot;_transform_translateY_effect_tablet&quot;:{&quot;unit&quot;:&quot;px&quot;,&quot;size&quot;:&quot;&quot;,&quot;sizes&quot;:[]},&quot;_transform_translateY_effect_mobile&quot;:{&quot;unit&quot;:&quot;px&quot;,&quot;size&quot;:&quot;&quot;,&quot;sizes&quot;:[]}}\" data-widget_type=\"image.default\">\n\t\t\t\t<div class=\"elementor-widget-container\">\n\t\t\t\t\t\t\t\t\t\t\t\t\t\t\t<img fetchpriority=\"high\" decoding=\"async\" width=\"585\" height=\"1536\" src=\"https:\/\/manufaktur-orlowski.com\/wp-content\/uploads\/2023\/11\/o-c-z-585x1536.png\" class=\"attachment-1536x1536 size-1536x1536 wp-image-610\" alt=\"\" srcset=\"https:\/\/manufaktur-orlowski.com\/wp-content\/uploads\/2023\/11\/o-c-z-585x1536.png 585w, https:\/\/manufaktur-orlowski.com\/wp-content\/uploads\/2023\/11\/o-c-z-114x300.png 114w, https:\/\/manufaktur-orlowski.com\/wp-content\/uploads\/2023\/11\/o-c-z-390x1024.png 390w, https:\/\/manufaktur-orlowski.com\/wp-content\/uploads\/2023\/11\/o-c-z-768x2016.png 768w, https:\/\/manufaktur-orlowski.com\/wp-content\/uploads\/2023\/11\/o-c-z-780x2048.png 780w, https:\/\/manufaktur-orlowski.com\/wp-content\/uploads\/2023\/11\/o-c-z.png 1279w\" sizes=\"(max-width: 585px) 100vw, 585px\" \/>\t\t\t\t\t\t\t\t\t\t\t\t\t\t\t<\/div>\n\t\t\t\t<\/div>\n\t\t<div class=\"elementor-element elementor-element-9f03780 e-con-full e-flex e-con e-child\" data-id=\"9f03780\" data-element_type=\"container\">\n\t\t\t\t<\/div>\n\t\t\t\t<\/div>\n\t\t<div class=\"elementor-element elementor-element-da95fee e-con-full e-flex e-con e-parent\" data-id=\"da95fee\" data-element_type=\"container\" data-settings=\"{&quot;background_background&quot;:&quot;classic&quot;}\">\n\t\t\t\t<div class=\"elementor-element elementor-element-033d5f3 elementor-widget__width-initial elementor-widget-mobile__width-inherit elementor-widget elementor-widget-text-editor\" data-id=\"033d5f3\" data-element_type=\"widget\" data-widget_type=\"text-editor.default\">\n\t\t\t\t<div class=\"elementor-widget-container\">\n\t\t\t\t\t\t\t\t\t<p>Neben Wartung und Pflege der Holzblasinstrumente, bieten wir die ganze breite Palette der Reparaturen an. Dazu geh\u00f6ren u.a. General\u00fcberholungen, Restaurierungen und diverse Umbauten nach Wunsch des Musikers an. Wir verbinden das alte Wissen mit den neuen Errungenschaften der Wissenschaft.<\/p><p>So ist die Arbeit mit der Endoskop &#8211; Laparaskopie um den h\u00f6chsten Anforderungen heutiger Zeit gerecht zu werden f\u00fcr uns eine Selbstverst\u00e4ndlichkeit.<\/p><p>Auch die Betreuung der klassischen und romantischen Oboen \u00fcbernehmen wir f\u00fcr Sie gerne.<\/p>\t\t\t\t\t\t\t\t<\/div>\n\t\t\t\t<\/div>\n\t\t\t\t<div class=\"elementor-element elementor-element-00f9e2d elementor-align-justify elementor-widget elementor-widget-button\" data-id=\"00f9e2d\" data-element_type=\"widget\" data-widget_type=\"button.default\">\n\t\t\t\t<div class=\"elementor-widget-container\">\n\t\t\t\t\t\t\t\t\t<div class=\"elementor-button-wrapper\">\n\t\t\t\t\t<a class=\"elementor-button elementor-button-link elementor-size-lg\" href=\"mailto:oboe@isabella-berlin.com\">\n\t\t\t\t\t\t<span class=\"elementor-button-content-wrapper\">\n\t\t\t\t\t\t\t\t\t<span class=\"elementor-button-text\">KONTAKTIEREN SIE UNS<\/span>\n\t\t\t\t\t<\/span>\n\t\t\t\t\t<\/a>\n\t\t\t\t<\/div>\n\t\t\t\t\t\t\t\t<\/div>\n\t\t\t\t<\/div>\n\t\t\t\t<\/div>\n\t\t<div class=\"elementor-element elementor-element-e6beacd e-con-full e-flex e-con e-parent\" data-id=\"e6beacd\" data-element_type=\"container\">\n\t\t\t\t<div class=\"elementor-element elementor-element-0828b73 elementor-widget__width-inherit elementor-widget elementor-widget-image\" data-id=\"0828b73\" data-element_type=\"widget\" data-widget_type=\"image.default\">\n\t\t\t\t<div class=\"elementor-widget-container\">\n\t\t\t\t\t\t\t\t\t\t\t\t\t\t\t<img decoding=\"async\" width=\"1456\" height=\"851\" src=\"https:\/\/manufaktur-orlowski.com\/wp-content\/uploads\/2023\/11\/galeria-2-e1700406624548.webp\" class=\"attachment-1536x1536 size-1536x1536 wp-image-315\" alt=\"\" srcset=\"https:\/\/manufaktur-orlowski.com\/wp-content\/uploads\/2023\/11\/galeria-2-e1700406624548.webp 1456w, https:\/\/manufaktur-orlowski.com\/wp-content\/uploads\/2023\/11\/galeria-2-e1700406624548-300x175.webp 300w, https:\/\/manufaktur-orlowski.com\/wp-content\/uploads\/2023\/11\/galeria-2-e1700406624548-1024x599.webp 1024w, https:\/\/manufaktur-orlowski.com\/wp-content\/uploads\/2023\/11\/galeria-2-e1700406624548-768x449.webp 768w, https:\/\/manufaktur-orlowski.com\/wp-content\/uploads\/2023\/11\/galeria-2-e1700406624548-1320x772.webp 1320w, https:\/\/manufaktur-orlowski.com\/wp-content\/uploads\/2023\/11\/galeria-2-e1700406624548-600x351.webp 600w\" sizes=\"(max-width: 1456px) 100vw, 1456px\" \/>\t\t\t\t\t\t\t\t\t\t\t\t\t\t\t<\/div>\n\t\t\t\t<\/div>\n\t\t\t\t<\/div>\n\t\t\t\t<\/div>\n\t\t","protected":false},"excerpt":{"rendered":"<p>Reparaturen, Restaurierungen &#038; General\u00fcberholungen Neben Wartung und Pflege der Holzblasinstrumente, bieten wir die ganze breite Palette der Reparaturen an. Dazu geh\u00f6ren u.a. General\u00fcberholungen, Restaurierungen und diverse Umbauten nach Wunsch des Musikers an. Wir verbinden das alte Wissen mit den neuen Errungenschaften der Wissenschaft. So ist die Arbeit mit der Endoskop &#8211; Laparaskopie um den h\u00f6chsten [&hellip;]<\/p>\n","protected":false},"author":3,"featured_media":0,"parent":0,"menu_order":0,"comment_status":"closed","ping_status":"closed","template":"","meta":{"footnotes":""},"lang":"de","translations":{"de":435,"en":1150},"jetpack_sharing_enabled":true,"pll_sync_post":[],"_links":{"self":[{"href":"https:\/\/manufaktur-orlowski.com\/index.php?rest_route=\/wp\/v2\/pages\/435"}],"collection":[{"href":"https:\/\/manufaktur-orlowski.com\/index.php?rest_route=\/wp\/v2\/pages"}],"about":[{"href":"https:\/\/manufaktur-orlowski.com\/index.php?rest_route=\/wp\/v2\/types\/page"}],"author":[{"embeddable":true,"href":"https:\/\/manufaktur-orlowski.com\/index.php?rest_route=\/wp\/v2\/users\/3"}],"replies":[{"embeddable":true,"href":"https:\/\/manufaktur-orlowski.com\/index.php?rest_route=%2Fwp%2Fv2%2Fcomments&post=435"}],"version-history":[{"count":62,"href":"https:\/\/manufaktur-orlowski.com\/index.php?rest_route=\/wp\/v2\/pages\/435\/revisions"}],"predecessor-version":[{"id":1185,"href":"https:\/\/manufaktur-orlowski.com\/index.php?rest_route=\/wp\/v2\/pages\/435\/revisions\/1185"}],"wp:attachment":[{"href":"https:\/\/manufaktur-orlowski.com\/index.php?rest_route=%2Fwp%2Fv2%2Fmedia&parent=435"}],"curies":[{"name":"wp","href":"https:\/\/api.w.org\/{rel}","templated":true}]}}